{"id":641,"date":"2021-03-21T19:46:25","date_gmt":"2021-03-21T19:46:25","guid":{"rendered":"https:\/\/spacepools.fr\/?page_id=641"},"modified":"2021-05-21T09:15:40","modified_gmt":"2021-05-21T07:15:40","slug":"aviso-legal","status":"publish","type":"page","link":"https:\/\/www.spacepools.fr\/es\/aviso-legal\/","title":{"rendered":"Aviso legal"},"content":{"rendered":"\n<p>El sitio web y el dominio spacepools.es corresponden a Space Pools Composites S.L.U (en adelante Space Pools), con CIF B55182117, domiciliada en Crta\/ de l\u2019Escala, S\/N, 17483, Vilaur, tel. +34 972 79 44 65, a \/ e info@ spacepools.fr.<\/p>\n\n\n\n<p>Figura inscrita en el Registro Mercantil de Girona, Tomo 2.946, Libro 0, hoja 59, secci\u00f3n GI55352.<\/p>\n\n\n\n<p><strong>PROPIEDAD INTELECTUAL E INDUSTRIAL<\/strong><\/p>\n\n\n\n<p>Los contenidos de este sitio, incluyendo los textos, im\u00e1genes y dise\u00f1os gr\u00e1ficos, pertenecen a Space Pools, o a terceros que han autorizado su uso espec\u00edficamente en su sitio web. Space Pools presenta estos contenidos con fines de informaci\u00f3n y publicidad. Space Pools autoriza su utilizaci\u00f3n exclusivamente para difundir sus productos o servicios. Cualquier utilizaci\u00f3n de estos dise\u00f1os, im\u00e1genes o textos deber\u00e1 citar expresamente su pertenencia a Space Pools, que se reserva el derecho a iniciar las acciones legales oportunas para reparar los da\u00f1os y perjuicios causados \u200b\u200bpor cualquier acto que vulnere sus derechos de propiedad inteligente intelectual o industrial. No se autoriza la utilizaci\u00f3n de los logotipos, dise\u00f1os, marcas u otros signos distintivos de Space Pools ni los clientes de Space Pools sin autorizaci\u00f3n expresa, previa y por escrito de los respectivos titulares de los derechos.<\/p>\n\n\n\n<p>No se autorizan presentaciones de los contenidos de este sitio en una ventana ajena a Space Pools.es (framing).<\/p>\n\n\n\n<p><strong>RESPONSABILIDAD SOBRE LOS CONTENIDOS<\/strong><\/p>\n\n\n\n<p>Aunque Space Pools act\u00faa con la m\u00e1xima diligencia posible, puede darse el caso de que alg\u00fan dato o informaci\u00f3n no est\u00e9 del todo actualizada en el momento que el usuario del sitio web lo consulte. Por eso Space Pools manifiesta que las referencias de los productos y precios que se presentan en su sitio web tienen una funci\u00f3n orientativa y no obligan a Space Pools hasta la confirmaci\u00f3n expresa de un pedido.<\/p>\n\n\n\n<p>Space Pools no se hace responsable de la informaci\u00f3n que se pueda obtener a trav\u00e9s de enlaces incluidos en el sitio.<\/p>\n\n\n\n<p><strong>CONDICIONES DE USO<\/strong><\/p>\n\n\n\n<p>El uso de este sitio web implica la aceptaci\u00f3n plena de los t\u00e9rminos y condiciones del presente aviso legal. Los posibles conflictos relativos a esta web se regir\u00e1n exclusivamente por el derecho del Estado espa\u00f1ol. Toda persona usuaria del web, independientemente de la jurisdicci\u00f3n territorial desde la que se produzca su acceso, acepta el cumplimiento y respeto de estas cl\u00e1usulas.<\/p>\n","protected":false},"excerpt":{"rendered":"<p>El sitio web y el dominio spacepools.es corresponden a Space Pools Composites S.L.U (en adelante Space Pools), con CIF B55182117, domiciliada en Crta\/ de l\u2019Escala, S\/N, 17483, Vilaur, tel. +34 972 79 44 65, a \/ e info@ spacepools.fr. Figura inscrita en el Registro Mercantil de Girona, Tomo 2.946, Libro 0, hoja 59, secci\u00f3n GI55352. [&hellip;]<\/p>\n","protected":false},"author":1,"featured_media":0,"parent":0,"menu_order":0,"comment_status":"closed","ping_status":"closed","template":"page-legal.php","meta":{"_acf_changed":false,"inline_featured_image":false,"footnotes":""},"class_list":["post-641","page","type-page","status-publish","hentry"],"acf":[],"yoast_head":"<!-- This site is optimized with the Yoast SEO plugin v27.3 - https:\/\/yoast.com\/product\/yoast-seo-wordpress\/ -->\n<title>Aviso legal | Space Pools<\/title>\n<meta name=\"robots\" content=\"noindex, follow\" \/>\n<meta property=\"og:locale\" content=\"es_ES\" \/>\n<meta property=\"og:type\" content=\"article\" \/>\n<meta property=\"og:title\" content=\"Aviso legal | Space Pools\" \/>\n<meta property=\"og:description\" content=\"El sitio web y el dominio spacepools.es corresponden a Space Pools Composites S.L.U (en adelante Space Pools), con CIF B55182117, domiciliada en Crta\/ de l\u2019Escala, S\/N, 17483, Vilaur, tel. +34 972 79 44 65, a \/ e info@ spacepools.fr. Figura inscrita en el Registro Mercantil de Girona, Tomo 2.946, Libro 0, hoja 59, secci\u00f3n GI55352. [&hellip;]\" \/>\n<meta property=\"og:url\" content=\"https:\/\/www.spacepools.fr\/es\/aviso-legal\/\" \/>\n<meta property=\"og:site_name\" content=\"Space Pools\" \/>\n<meta property=\"article:publisher\" content=\"https:\/\/www.facebook.com\/SpacePools\" \/>\n<meta property=\"article:modified_time\" content=\"2021-05-21T07:15:40+00:00\" \/>\n<meta property=\"og:image\" content=\"https:\/\/www.spacepools.fr\/wp-content\/uploads\/2025\/03\/logo-sapcepools.jpg\" \/>\n\t<meta property=\"og:image:width\" content=\"1280\" \/>\n\t<meta property=\"og:image:height\" content=\"720\" \/>\n\t<meta property=\"og:image:type\" content=\"image\/jpeg\" \/>\n<meta name=\"twitter:card\" content=\"summary_large_image\" \/>\n<meta name=\"twitter:label1\" content=\"Tiempo de lectura\" \/>\n\t<meta name=\"twitter:data1\" content=\"2 minutos\" \/>\n<script type=\"application\/ld+json\" class=\"yoast-schema-graph\">{\"@context\":\"https:\\\/\\\/schema.org\",\"@graph\":[{\"@type\":\"WebPage\",\"@id\":\"https:\\\/\\\/www.spacepools.fr\\\/es\\\/aviso-legal\\\/\",\"url\":\"https:\\\/\\\/www.spacepools.fr\\\/es\\\/aviso-legal\\\/\",\"name\":\"Aviso legal | Space Pools\",\"isPartOf\":{\"@id\":\"https:\\\/\\\/www.spacepools.fr\\\/es\\\/#website\"},\"datePublished\":\"2021-03-21T19:46:25+00:00\",\"dateModified\":\"2021-05-21T07:15:40+00:00\",\"breadcrumb\":{\"@id\":\"https:\\\/\\\/www.spacepools.fr\\\/es\\\/aviso-legal\\\/#breadcrumb\"},\"inLanguage\":\"es\",\"potentialAction\":[{\"@type\":\"ReadAction\",\"target\":[\"https:\\\/\\\/www.spacepools.fr\\\/es\\\/aviso-legal\\\/\"]}]},{\"@type\":\"BreadcrumbList\",\"@id\":\"https:\\\/\\\/www.spacepools.fr\\\/es\\\/aviso-legal\\\/#breadcrumb\",\"itemListElement\":[{\"@type\":\"ListItem\",\"position\":1,\"name\":\"Portada\",\"item\":\"https:\\\/\\\/www.spacepools.fr\\\/es\\\/\"},{\"@type\":\"ListItem\",\"position\":2,\"name\":\"Aviso legal\"}]},{\"@type\":\"WebSite\",\"@id\":\"https:\\\/\\\/www.spacepools.fr\\\/es\\\/#website\",\"url\":\"https:\\\/\\\/www.spacepools.fr\\\/es\\\/\",\"name\":\"Space Pools\",\"description\":\"Le plus grand catalogue de piscines monoblocs et d\u2019options de personnalisation\",\"publisher\":{\"@id\":\"https:\\\/\\\/www.spacepools.fr\\\/es\\\/#organization\"},\"alternateName\":\"Piscines pr\u00e9fabriqu\u00e9es\",\"potentialAction\":[{\"@type\":\"SearchAction\",\"target\":{\"@type\":\"EntryPoint\",\"urlTemplate\":\"https:\\\/\\\/www.spacepools.fr\\\/es\\\/?s={search_term_string}\"},\"query-input\":{\"@type\":\"PropertyValueSpecification\",\"valueRequired\":true,\"valueName\":\"search_term_string\"}}],\"inLanguage\":\"es\"},{\"@type\":\"Organization\",\"@id\":\"https:\\\/\\\/www.spacepools.fr\\\/es\\\/#organization\",\"name\":\"Space Pools\",\"url\":\"https:\\\/\\\/www.spacepools.fr\\\/es\\\/\",\"logo\":{\"@type\":\"ImageObject\",\"inLanguage\":\"es\",\"@id\":\"https:\\\/\\\/www.spacepools.fr\\\/es\\\/#\\\/schema\\\/logo\\\/image\\\/\",\"url\":\"https:\\\/\\\/www.spacepools.fr\\\/wp-content\\\/uploads\\\/2025\\\/03\\\/logo-sapcepools.jpg\",\"contentUrl\":\"https:\\\/\\\/www.spacepools.fr\\\/wp-content\\\/uploads\\\/2025\\\/03\\\/logo-sapcepools.jpg\",\"width\":1280,\"height\":720,\"caption\":\"Space Pools\"},\"image\":{\"@id\":\"https:\\\/\\\/www.spacepools.fr\\\/es\\\/#\\\/schema\\\/logo\\\/image\\\/\"},\"sameAs\":[\"https:\\\/\\\/www.facebook.com\\\/SpacePools\",\"https:\\\/\\\/fr.pinterest.com\\\/spacepools\\\/_saved\\\/\",\"https:\\\/\\\/www.linkedin.com\\\/company\\\/spacepools\\\/\",\"https:\\\/\\\/www.instagram.com\\\/spacepools\\\/\"]}]}<\/script>\n<!-- \/ Yoast SEO plugin. -->","yoast_head_json":{"title":"Aviso legal | Space Pools","robots":{"index":"noindex","follow":"follow"},"og_locale":"es_ES","og_type":"article","og_title":"Aviso legal | Space Pools","og_description":"El sitio web y el dominio spacepools.es corresponden a Space Pools Composites S.L.U (en adelante Space Pools), con CIF B55182117, domiciliada en Crta\/ de l\u2019Escala, S\/N, 17483, Vilaur, tel. +34 972 79 44 65, a \/ e info@ spacepools.fr. Figura inscrita en el Registro Mercantil de Girona, Tomo 2.946, Libro 0, hoja 59, secci\u00f3n GI55352. [&hellip;]","og_url":"https:\/\/www.spacepools.fr\/es\/aviso-legal\/","og_site_name":"Space Pools","article_publisher":"https:\/\/www.facebook.com\/SpacePools","article_modified_time":"2021-05-21T07:15:40+00:00","og_image":[{"width":1280,"height":720,"url":"https:\/\/www.spacepools.fr\/wp-content\/uploads\/2025\/03\/logo-sapcepools.jpg","type":"image\/jpeg"}],"twitter_card":"summary_large_image","twitter_misc":{"Tiempo de lectura":"2 minutos"},"schema":{"@context":"https:\/\/schema.org","@graph":[{"@type":"WebPage","@id":"https:\/\/www.spacepools.fr\/es\/aviso-legal\/","url":"https:\/\/www.spacepools.fr\/es\/aviso-legal\/","name":"Aviso legal | Space Pools","isPartOf":{"@id":"https:\/\/www.spacepools.fr\/es\/#website"},"datePublished":"2021-03-21T19:46:25+00:00","dateModified":"2021-05-21T07:15:40+00:00","breadcrumb":{"@id":"https:\/\/www.spacepools.fr\/es\/aviso-legal\/#breadcrumb"},"inLanguage":"es","potentialAction":[{"@type":"ReadAction","target":["https:\/\/www.spacepools.fr\/es\/aviso-legal\/"]}]},{"@type":"BreadcrumbList","@id":"https:\/\/www.spacepools.fr\/es\/aviso-legal\/#breadcrumb","itemListElement":[{"@type":"ListItem","position":1,"name":"Portada","item":"https:\/\/www.spacepools.fr\/es\/"},{"@type":"ListItem","position":2,"name":"Aviso legal"}]},{"@type":"WebSite","@id":"https:\/\/www.spacepools.fr\/es\/#website","url":"https:\/\/www.spacepools.fr\/es\/","name":"Space Pools","description":"Le plus grand catalogue de piscines monoblocs et d\u2019options de personnalisation","publisher":{"@id":"https:\/\/www.spacepools.fr\/es\/#organization"},"alternateName":"Piscines pr\u00e9fabriqu\u00e9es","potentialAction":[{"@type":"SearchAction","target":{"@type":"EntryPoint","urlTemplate":"https:\/\/www.spacepools.fr\/es\/?s={search_term_string}"},"query-input":{"@type":"PropertyValueSpecification","valueRequired":true,"valueName":"search_term_string"}}],"inLanguage":"es"},{"@type":"Organization","@id":"https:\/\/www.spacepools.fr\/es\/#organization","name":"Space Pools","url":"https:\/\/www.spacepools.fr\/es\/","logo":{"@type":"ImageObject","inLanguage":"es","@id":"https:\/\/www.spacepools.fr\/es\/#\/schema\/logo\/image\/","url":"https:\/\/www.spacepools.fr\/wp-content\/uploads\/2025\/03\/logo-sapcepools.jpg","contentUrl":"https:\/\/www.spacepools.fr\/wp-content\/uploads\/2025\/03\/logo-sapcepools.jpg","width":1280,"height":720,"caption":"Space Pools"},"image":{"@id":"https:\/\/www.spacepools.fr\/es\/#\/schema\/logo\/image\/"},"sameAs":["https:\/\/www.facebook.com\/SpacePools","https:\/\/fr.pinterest.com\/spacepools\/_saved\/","https:\/\/www.linkedin.com\/company\/spacepools\/","https:\/\/www.instagram.com\/spacepools\/"]}]}},"_links":{"self":[{"href":"https:\/\/www.spacepools.fr\/es\/wp-json\/wp\/v2\/pages\/641","targetHints":{"allow":["GET"]}}],"collection":[{"href":"https:\/\/www.spacepools.fr\/es\/wp-json\/wp\/v2\/pages"}],"about":[{"href":"https:\/\/www.spacepools.fr\/es\/wp-json\/wp\/v2\/types\/page"}],"author":[{"embeddable":true,"href":"https:\/\/www.spacepools.fr\/es\/wp-json\/wp\/v2\/users\/1"}],"replies":[{"embeddable":true,"href":"https:\/\/www.spacepools.fr\/es\/wp-json\/wp\/v2\/comments?post=641"}],"version-history":[{"count":2,"href":"https:\/\/www.spacepools.fr\/es\/wp-json\/wp\/v2\/pages\/641\/revisions"}],"predecessor-version":[{"id":1849,"href":"https:\/\/www.spacepools.fr\/es\/wp-json\/wp\/v2\/pages\/641\/revisions\/1849"}],"wp:attachment":[{"href":"https:\/\/www.spacepools.fr\/es\/wp-json\/wp\/v2\/media?parent=641"}],"curies":[{"name":"wp","href":"https:\/\/api.w.org\/{rel}","templated":true}]}}