{"id":3,"date":"2021-01-26T22:10:28","date_gmt":"2021-01-26T22:10:28","guid":{"rendered":"https:\/\/spacepools.fr\/?page_id=3"},"modified":"2021-05-21T09:25:50","modified_gmt":"2021-05-21T07:25:50","slug":"politica-privacidad","status":"publish","type":"page","link":"https:\/\/www.spacepools.fr\/es\/politica-privacidad\/","title":{"rendered":"Pol\u00edtica de privacidad"},"content":{"rendered":"\n<p><strong>Reglamento General de Protecci\u00f3n de Datos (RGDP) &#8211; Diciembre de 2018.<\/strong><br><br>Le informamos que los datos personales de nuestros clientes ser\u00e1n tratados de conformidad con la legislaci\u00f3n vigente en materia de protecci\u00f3n de datos personales, la privacidad de los usuarios y el secreto y seguridad de los datos personales, de conformidad con lo establecido en Ley Org\u00e1nica 3\/2018, de 5 de diciembre, de Protecci\u00f3n de Datos Personales y garant\u00eda de los derechos digitales (LOPD-GDD) y en el Reglamento (UE) 2016\/679 del Parlamento Europeo y del Consejo de 27 de abril de 2016 relativo a la protecci\u00f3n de las personas f\u00edsicas en lo que respecta al tratamiento de datos personales (RGPD).<\/p>\n\n\n\n<p><br>A fin de cumplir con el mencionado Reglamento, hemos actualizado nuestra Pol\u00edtica de Privacidad:<br><br>Responsable: Fina Barcelona con NIF 77906757F<br><br>Finalidad del tratamiento: tratamos la informaci\u00f3n que nos facilita con el fin de prestarles el servicio solicitado y enviarles comunicaciones relativas al contenido de nuestros productos y servicios.<br><br>\u00b7 &nbsp; &nbsp; &nbsp; &nbsp; Procedencia y categor\u00eda de datos tratados: los datos personales que trataremos son sus datos identificativos que usted nos facilite a trav\u00e9s del formulario de registro que encontrar\u00e1 en nuestro sitio web.<br><br>o &nbsp; &nbsp;Tiempo de conservaci\u00f3n: los datos proporcionados se conservar\u00e1n mientras se mantenga la relaci\u00f3n comercial o durante los a\u00f1os necesarios para cumplir con las obligaciones legales.<br><br>o &nbsp; &nbsp;Legitimaci\u00f3n: tratamos sus datos s\u00f3lo si contamos con su consentimiento expreso e informado para hacerlo, y siempre conforme a las finalidades descritas.<br><br>\u00b7 &nbsp; &nbsp; &nbsp; &nbsp; Destinatarios: los datos que usted nos facilite no se ceder\u00e1n a terceros salvo en los casos en que exista una obligaci\u00f3n legal.<br><br>Si bien, para llevar a cabo determinadas funciones necesarias para la prestaci\u00f3n del servicio, sus datos pueden ser tratados por terceros que actuar\u00e1n como encargados de tratamiento y que estar\u00e1n obligados contractualmente a cumplir con sus obligaciones legales de encargado de tratamiento, a mantener la confidencialidad y secreto de la informaci\u00f3n.<br><br>\u00b7 &nbsp; &nbsp; &nbsp; &nbsp; Derechos: usted es titular de los siguientes derechos sobre sus datos de car\u00e1cter personal:<br><br>\u00b7 &nbsp; &nbsp; &nbsp; &nbsp; Derecho a solicitar el acceso a los datos personales.<br><br>\u00b7 &nbsp; &nbsp; &nbsp; &nbsp; Derecho a solicitar su rectificaci\u00f3n o supresi\u00f3n.<br><br>\u00b7 &nbsp; &nbsp; &nbsp; &nbsp; Derecho a solicitar la limitaci\u00f3n u oposici\u00f3n de su tratamiento.<br><br>\u00b7 &nbsp; &nbsp; &nbsp; &nbsp; Revocaci\u00f3n del consentimiento prestado.<br><br>\u00b7 &nbsp; &nbsp; &nbsp; &nbsp; &nbsp;Derecho a la portabilidad de sus datos<br><br><br>Para el ejercicio de los derechos deber\u00e1 dirigirnos una comunicaci\u00f3n escrita a trav\u00e9s de correo electr\u00f3nico a la direcci\u00f3n xxxx@xxxx.com especificando el derecho que desea ejercitar.&nbsp;<br><br>Asimismo, le informamos que puede usted solicitar la tutela de sus derechos ante la Agencia Espa\u00f1ola de Protecci\u00f3n de Datos con sede en la Calle de Jorge Juan, 6, 28001 Madrid.&nbsp;<\/p>\n","protected":false},"excerpt":{"rendered":"<p>Reglamento General de Protecci\u00f3n de Datos (RGDP) &#8211; Diciembre de 2018. Le informamos que los datos personales de nuestros clientes ser\u00e1n tratados de conformidad con la legislaci\u00f3n vigente en materia de protecci\u00f3n de datos personales, la privacidad de los usuarios y el secreto y seguridad de los datos personales, de conformidad con lo establecido en [&hellip;]<\/p>\n","protected":false},"author":1,"featured_media":0,"parent":0,"menu_order":37,"comment_status":"closed","ping_status":"open","template":"page-legal.php","meta":{"_acf_changed":false,"inline_featured_image":false,"footnotes":""},"class_list":["post-3","page","type-page","status-publish","hentry"],"acf":[],"yoast_head":"<!-- This site is optimized with the Yoast SEO plugin v27.3 - https:\/\/yoast.com\/product\/yoast-seo-wordpress\/ -->\n<title>Pol\u00edtica de privacidad | Space Pools<\/title>\n<meta name=\"robots\" content=\"noindex, follow\" \/>\n<meta property=\"og:locale\" content=\"es_ES\" \/>\n<meta property=\"og:type\" content=\"article\" \/>\n<meta property=\"og:title\" content=\"Pol\u00edtica de privacidad | Space Pools\" \/>\n<meta property=\"og:description\" content=\"Reglamento General de Protecci\u00f3n de Datos (RGDP) &#8211; Diciembre de 2018. Le informamos que los datos personales de nuestros clientes ser\u00e1n tratados de conformidad con la legislaci\u00f3n vigente en materia de protecci\u00f3n de datos personales, la privacidad de los usuarios y el secreto y seguridad de los datos personales, de conformidad con lo establecido en [&hellip;]\" \/>\n<meta property=\"og:url\" content=\"https:\/\/www.spacepools.fr\/es\/politica-privacidad\/\" \/>\n<meta property=\"og:site_name\" content=\"Space Pools\" \/>\n<meta property=\"article:publisher\" content=\"https:\/\/www.facebook.com\/SpacePools\" \/>\n<meta property=\"article:modified_time\" content=\"2021-05-21T07:25:50+00:00\" \/>\n<meta property=\"og:image\" content=\"https:\/\/www.spacepools.fr\/wp-content\/uploads\/2025\/03\/logo-sapcepools.jpg\" \/>\n\t<meta property=\"og:image:width\" content=\"1280\" \/>\n\t<meta property=\"og:image:height\" content=\"720\" \/>\n\t<meta property=\"og:image:type\" content=\"image\/jpeg\" \/>\n<meta name=\"twitter:card\" content=\"summary_large_image\" \/>\n<meta name=\"twitter:label1\" content=\"Tiempo de lectura\" \/>\n\t<meta name=\"twitter:data1\" content=\"3 minutos\" \/>\n<script type=\"application\/ld+json\" class=\"yoast-schema-graph\">{\"@context\":\"https:\\\/\\\/schema.org\",\"@graph\":[{\"@type\":\"WebPage\",\"@id\":\"https:\\\/\\\/www.spacepools.fr\\\/es\\\/politica-privacidad\\\/\",\"url\":\"https:\\\/\\\/www.spacepools.fr\\\/es\\\/politica-privacidad\\\/\",\"name\":\"Pol\u00edtica de privacidad | Space Pools\",\"isPartOf\":{\"@id\":\"https:\\\/\\\/www.spacepools.fr\\\/es\\\/#website\"},\"datePublished\":\"2021-01-26T22:10:28+00:00\",\"dateModified\":\"2021-05-21T07:25:50+00:00\",\"breadcrumb\":{\"@id\":\"https:\\\/\\\/www.spacepools.fr\\\/es\\\/politica-privacidad\\\/#breadcrumb\"},\"inLanguage\":\"es\",\"potentialAction\":[{\"@type\":\"ReadAction\",\"target\":[\"https:\\\/\\\/www.spacepools.fr\\\/es\\\/politica-privacidad\\\/\"]}]},{\"@type\":\"BreadcrumbList\",\"@id\":\"https:\\\/\\\/www.spacepools.fr\\\/es\\\/politica-privacidad\\\/#breadcrumb\",\"itemListElement\":[{\"@type\":\"ListItem\",\"position\":1,\"name\":\"Portada\",\"item\":\"https:\\\/\\\/www.spacepools.fr\\\/es\\\/\"},{\"@type\":\"ListItem\",\"position\":2,\"name\":\"Pol\u00edtica de privacidad\"}]},{\"@type\":\"WebSite\",\"@id\":\"https:\\\/\\\/www.spacepools.fr\\\/es\\\/#website\",\"url\":\"https:\\\/\\\/www.spacepools.fr\\\/es\\\/\",\"name\":\"Space Pools\",\"description\":\"Le plus grand catalogue de piscines monoblocs et d\u2019options de personnalisation\",\"publisher\":{\"@id\":\"https:\\\/\\\/www.spacepools.fr\\\/es\\\/#organization\"},\"alternateName\":\"Piscines pr\u00e9fabriqu\u00e9es\",\"potentialAction\":[{\"@type\":\"SearchAction\",\"target\":{\"@type\":\"EntryPoint\",\"urlTemplate\":\"https:\\\/\\\/www.spacepools.fr\\\/es\\\/?s={search_term_string}\"},\"query-input\":{\"@type\":\"PropertyValueSpecification\",\"valueRequired\":true,\"valueName\":\"search_term_string\"}}],\"inLanguage\":\"es\"},{\"@type\":\"Organization\",\"@id\":\"https:\\\/\\\/www.spacepools.fr\\\/es\\\/#organization\",\"name\":\"Space Pools\",\"url\":\"https:\\\/\\\/www.spacepools.fr\\\/es\\\/\",\"logo\":{\"@type\":\"ImageObject\",\"inLanguage\":\"es\",\"@id\":\"https:\\\/\\\/www.spacepools.fr\\\/es\\\/#\\\/schema\\\/logo\\\/image\\\/\",\"url\":\"https:\\\/\\\/www.spacepools.fr\\\/wp-content\\\/uploads\\\/2025\\\/03\\\/logo-sapcepools.jpg\",\"contentUrl\":\"https:\\\/\\\/www.spacepools.fr\\\/wp-content\\\/uploads\\\/2025\\\/03\\\/logo-sapcepools.jpg\",\"width\":1280,\"height\":720,\"caption\":\"Space Pools\"},\"image\":{\"@id\":\"https:\\\/\\\/www.spacepools.fr\\\/es\\\/#\\\/schema\\\/logo\\\/image\\\/\"},\"sameAs\":[\"https:\\\/\\\/www.facebook.com\\\/SpacePools\",\"https:\\\/\\\/fr.pinterest.com\\\/spacepools\\\/_saved\\\/\",\"https:\\\/\\\/www.linkedin.com\\\/company\\\/spacepools\\\/\",\"https:\\\/\\\/www.instagram.com\\\/spacepools\\\/\"]}]}<\/script>\n<!-- \/ Yoast SEO plugin. -->","yoast_head_json":{"title":"Pol\u00edtica de privacidad | Space Pools","robots":{"index":"noindex","follow":"follow"},"og_locale":"es_ES","og_type":"article","og_title":"Pol\u00edtica de privacidad | Space Pools","og_description":"Reglamento General de Protecci\u00f3n de Datos (RGDP) &#8211; Diciembre de 2018. Le informamos que los datos personales de nuestros clientes ser\u00e1n tratados de conformidad con la legislaci\u00f3n vigente en materia de protecci\u00f3n de datos personales, la privacidad de los usuarios y el secreto y seguridad de los datos personales, de conformidad con lo establecido en [&hellip;]","og_url":"https:\/\/www.spacepools.fr\/es\/politica-privacidad\/","og_site_name":"Space Pools","article_publisher":"https:\/\/www.facebook.com\/SpacePools","article_modified_time":"2021-05-21T07:25:50+00:00","og_image":[{"width":1280,"height":720,"url":"https:\/\/www.spacepools.fr\/wp-content\/uploads\/2025\/03\/logo-sapcepools.jpg","type":"image\/jpeg"}],"twitter_card":"summary_large_image","twitter_misc":{"Tiempo de lectura":"3 minutos"},"schema":{"@context":"https:\/\/schema.org","@graph":[{"@type":"WebPage","@id":"https:\/\/www.spacepools.fr\/es\/politica-privacidad\/","url":"https:\/\/www.spacepools.fr\/es\/politica-privacidad\/","name":"Pol\u00edtica de privacidad | Space Pools","isPartOf":{"@id":"https:\/\/www.spacepools.fr\/es\/#website"},"datePublished":"2021-01-26T22:10:28+00:00","dateModified":"2021-05-21T07:25:50+00:00","breadcrumb":{"@id":"https:\/\/www.spacepools.fr\/es\/politica-privacidad\/#breadcrumb"},"inLanguage":"es","potentialAction":[{"@type":"ReadAction","target":["https:\/\/www.spacepools.fr\/es\/politica-privacidad\/"]}]},{"@type":"BreadcrumbList","@id":"https:\/\/www.spacepools.fr\/es\/politica-privacidad\/#breadcrumb","itemListElement":[{"@type":"ListItem","position":1,"name":"Portada","item":"https:\/\/www.spacepools.fr\/es\/"},{"@type":"ListItem","position":2,"name":"Pol\u00edtica de privacidad"}]},{"@type":"WebSite","@id":"https:\/\/www.spacepools.fr\/es\/#website","url":"https:\/\/www.spacepools.fr\/es\/","name":"Space Pools","description":"Le plus grand catalogue de piscines monoblocs et d\u2019options de personnalisation","publisher":{"@id":"https:\/\/www.spacepools.fr\/es\/#organization"},"alternateName":"Piscines pr\u00e9fabriqu\u00e9es","potentialAction":[{"@type":"SearchAction","target":{"@type":"EntryPoint","urlTemplate":"https:\/\/www.spacepools.fr\/es\/?s={search_term_string}"},"query-input":{"@type":"PropertyValueSpecification","valueRequired":true,"valueName":"search_term_string"}}],"inLanguage":"es"},{"@type":"Organization","@id":"https:\/\/www.spacepools.fr\/es\/#organization","name":"Space Pools","url":"https:\/\/www.spacepools.fr\/es\/","logo":{"@type":"ImageObject","inLanguage":"es","@id":"https:\/\/www.spacepools.fr\/es\/#\/schema\/logo\/image\/","url":"https:\/\/www.spacepools.fr\/wp-content\/uploads\/2025\/03\/logo-sapcepools.jpg","contentUrl":"https:\/\/www.spacepools.fr\/wp-content\/uploads\/2025\/03\/logo-sapcepools.jpg","width":1280,"height":720,"caption":"Space Pools"},"image":{"@id":"https:\/\/www.spacepools.fr\/es\/#\/schema\/logo\/image\/"},"sameAs":["https:\/\/www.facebook.com\/SpacePools","https:\/\/fr.pinterest.com\/spacepools\/_saved\/","https:\/\/www.linkedin.com\/company\/spacepools\/","https:\/\/www.instagram.com\/spacepools\/"]}]}},"_links":{"self":[{"href":"https:\/\/www.spacepools.fr\/es\/wp-json\/wp\/v2\/pages\/3","targetHints":{"allow":["GET"]}}],"collection":[{"href":"https:\/\/www.spacepools.fr\/es\/wp-json\/wp\/v2\/pages"}],"about":[{"href":"https:\/\/www.spacepools.fr\/es\/wp-json\/wp\/v2\/types\/page"}],"author":[{"embeddable":true,"href":"https:\/\/www.spacepools.fr\/es\/wp-json\/wp\/v2\/users\/1"}],"replies":[{"embeddable":true,"href":"https:\/\/www.spacepools.fr\/es\/wp-json\/wp\/v2\/comments?post=3"}],"version-history":[{"count":3,"href":"https:\/\/www.spacepools.fr\/es\/wp-json\/wp\/v2\/pages\/3\/revisions"}],"predecessor-version":[{"id":1925,"href":"https:\/\/www.spacepools.fr\/es\/wp-json\/wp\/v2\/pages\/3\/revisions\/1925"}],"wp:attachment":[{"href":"https:\/\/www.spacepools.fr\/es\/wp-json\/wp\/v2\/media?parent=3"}],"curies":[{"name":"wp","href":"https:\/\/api.w.org\/{rel}","templated":true}]}}