{"id":1882,"date":"2021-03-29T10:06:36","date_gmt":"2021-03-29T10:06:36","guid":{"rendered":"https:\/\/www.spacepools.fr\/piscine-fond-incline\/"},"modified":"2025-04-04T12:51:48","modified_gmt":"2025-04-04T10:51:48","slug":"piscine-fond-incline","status":"publish","type":"page","link":"https:\/\/www.spacepools.fr\/es\/piscine-fond-incline\/","title":{"rendered":"Piscinas prefabricadas con fondo inclinado"},"content":{"rendered":"\n<p>La gama de piscinas con fondo inclinado est\u00e1 formada por modelos con formas originales y diversas, y disponen de dos profundidades para el disfrute de mayores y peque\u00f1os. Encontrar\u00e1s piscinas de 5 a 9 metros de largo y con distintas profundidades para que escojas la piscina de fondo inclinado que m\u00e1s se adapta a tu gusto.<\/p>\n","protected":false},"excerpt":{"rendered":"<p>La gama de piscinas con fondo inclinado est\u00e1 formada por modelos con formas originales y diversas, y disponen de dos profundidades para el disfrute de mayores y peque\u00f1os. Encontrar\u00e1s piscinas de 5 a 9 metros de largo y con distintas profundidades para que escojas la piscina de fondo inclinado que m\u00e1s se adapta a tu [&hellip;]<\/p>\n","protected":false},"author":1,"featured_media":927,"parent":0,"menu_order":1,"comment_status":"closed","ping_status":"closed","template":"page-categoria.php","meta":{"_acf_changed":false,"inline_featured_image":false,"footnotes":""},"class_list":["post-1882","page","type-page","status-publish","has-post-thumbnail","hentry"],"acf":[],"yoast_head":"<!-- This site is optimized with the Yoast SEO plugin v27.3 - https:\/\/yoast.com\/product\/yoast-seo-wordpress\/ -->\n<title>Todos los modelos de piscina prefabricada de fondo inclinado<\/title>\n<meta name=\"description\" content=\"Todos los modelos de piscinas prefabricadas de fondo inclinado. Descubre nuestra gama de piscinas monobloc con pendiente en Space Pools.\" \/>\n<meta name=\"robots\" content=\"index, follow, max-snippet:-1, max-image-preview:large, max-video-preview:-1\" \/>\n<link rel=\"canonical\" href=\"https:\/\/www.spacepools.fr\/es\/piscine-fond-incline\/\" \/>\n<meta property=\"og:locale\" content=\"es_ES\" \/>\n<meta property=\"og:type\" content=\"article\" \/>\n<meta property=\"og:title\" content=\"Todos los modelos de piscina prefabricada de fondo inclinado\" \/>\n<meta property=\"og:description\" content=\"Todos los modelos de piscinas prefabricadas de fondo inclinado. Descubre nuestra gama de piscinas monobloc con pendiente en Space Pools.\" \/>\n<meta property=\"og:url\" content=\"https:\/\/www.spacepools.fr\/es\/piscine-fond-incline\/\" \/>\n<meta property=\"og:site_name\" content=\"Space Pools\" \/>\n<meta property=\"article:publisher\" content=\"https:\/\/www.facebook.com\/SpacePools\" \/>\n<meta property=\"article:modified_time\" content=\"2025-04-04T10:51:48+00:00\" \/>\n<meta property=\"og:image\" content=\"https:\/\/www.spacepools.fr\/wp-content\/uploads\/2021\/03\/psicines-fond-incline-space-pools-scaled.jpg\" \/>\n\t<meta property=\"og:image:width\" content=\"2560\" \/>\n\t<meta property=\"og:image:height\" content=\"429\" \/>\n\t<meta property=\"og:image:type\" content=\"image\/jpeg\" \/>\n<meta name=\"twitter:card\" content=\"summary_large_image\" \/>\n<meta name=\"twitter:label1\" content=\"Tiempo de lectura\" \/>\n\t<meta name=\"twitter:data1\" content=\"1 minuto\" \/>\n<script type=\"application\/ld+json\" class=\"yoast-schema-graph\">{\"@context\":\"https:\\\/\\\/schema.org\",\"@graph\":[{\"@type\":\"WebPage\",\"@id\":\"https:\\\/\\\/www.spacepools.fr\\\/es\\\/piscine-fond-incline\\\/\",\"url\":\"https:\\\/\\\/www.spacepools.fr\\\/es\\\/piscine-fond-incline\\\/\",\"name\":\"Todos los modelos de piscina prefabricada de fondo inclinado\",\"isPartOf\":{\"@id\":\"https:\\\/\\\/www.spacepools.fr\\\/es\\\/#website\"},\"primaryImageOfPage\":{\"@id\":\"https:\\\/\\\/www.spacepools.fr\\\/es\\\/piscine-fond-incline\\\/#primaryimage\"},\"image\":{\"@id\":\"https:\\\/\\\/www.spacepools.fr\\\/es\\\/piscine-fond-incline\\\/#primaryimage\"},\"thumbnailUrl\":\"https:\\\/\\\/www.spacepools.fr\\\/wp-content\\\/uploads\\\/2021\\\/03\\\/psicines-fond-incline-space-pools-scaled.jpg\",\"datePublished\":\"2021-03-29T10:06:36+00:00\",\"dateModified\":\"2025-04-04T10:51:48+00:00\",\"description\":\"Todos los modelos de piscinas prefabricadas de fondo inclinado. Descubre nuestra gama de piscinas monobloc con pendiente en Space Pools.\",\"breadcrumb\":{\"@id\":\"https:\\\/\\\/www.spacepools.fr\\\/es\\\/piscine-fond-incline\\\/#breadcrumb\"},\"inLanguage\":\"es\",\"potentialAction\":[{\"@type\":\"ReadAction\",\"target\":[\"https:\\\/\\\/www.spacepools.fr\\\/es\\\/piscine-fond-incline\\\/\"]}]},{\"@type\":\"ImageObject\",\"inLanguage\":\"es\",\"@id\":\"https:\\\/\\\/www.spacepools.fr\\\/es\\\/piscine-fond-incline\\\/#primaryimage\",\"url\":\"https:\\\/\\\/www.spacepools.fr\\\/wp-content\\\/uploads\\\/2021\\\/03\\\/psicines-fond-incline-space-pools-scaled.jpg\",\"contentUrl\":\"https:\\\/\\\/www.spacepools.fr\\\/wp-content\\\/uploads\\\/2021\\\/03\\\/psicines-fond-incline-space-pools-scaled.jpg\",\"width\":2560,\"height\":429,\"caption\":\"pisicnes fond inclin\u00e9 space pools\"},{\"@type\":\"BreadcrumbList\",\"@id\":\"https:\\\/\\\/www.spacepools.fr\\\/es\\\/piscine-fond-incline\\\/#breadcrumb\",\"itemListElement\":[{\"@type\":\"ListItem\",\"position\":1,\"name\":\"Portada\",\"item\":\"https:\\\/\\\/www.spacepools.fr\\\/es\\\/\"},{\"@type\":\"ListItem\",\"position\":2,\"name\":\"Piscinas prefabricadas con fondo inclinado\"}]},{\"@type\":\"WebSite\",\"@id\":\"https:\\\/\\\/www.spacepools.fr\\\/es\\\/#website\",\"url\":\"https:\\\/\\\/www.spacepools.fr\\\/es\\\/\",\"name\":\"Space Pools\",\"description\":\"Le plus grand catalogue de piscines monoblocs et d\u2019options de personnalisation\",\"publisher\":{\"@id\":\"https:\\\/\\\/www.spacepools.fr\\\/es\\\/#organization\"},\"alternateName\":\"Piscines pr\u00e9fabriqu\u00e9es\",\"potentialAction\":[{\"@type\":\"SearchAction\",\"target\":{\"@type\":\"EntryPoint\",\"urlTemplate\":\"https:\\\/\\\/www.spacepools.fr\\\/es\\\/?s={search_term_string}\"},\"query-input\":{\"@type\":\"PropertyValueSpecification\",\"valueRequired\":true,\"valueName\":\"search_term_string\"}}],\"inLanguage\":\"es\"},{\"@type\":\"Organization\",\"@id\":\"https:\\\/\\\/www.spacepools.fr\\\/es\\\/#organization\",\"name\":\"Space Pools\",\"url\":\"https:\\\/\\\/www.spacepools.fr\\\/es\\\/\",\"logo\":{\"@type\":\"ImageObject\",\"inLanguage\":\"es\",\"@id\":\"https:\\\/\\\/www.spacepools.fr\\\/es\\\/#\\\/schema\\\/logo\\\/image\\\/\",\"url\":\"https:\\\/\\\/www.spacepools.fr\\\/wp-content\\\/uploads\\\/2025\\\/03\\\/logo-sapcepools.jpg\",\"contentUrl\":\"https:\\\/\\\/www.spacepools.fr\\\/wp-content\\\/uploads\\\/2025\\\/03\\\/logo-sapcepools.jpg\",\"width\":1280,\"height\":720,\"caption\":\"Space Pools\"},\"image\":{\"@id\":\"https:\\\/\\\/www.spacepools.fr\\\/es\\\/#\\\/schema\\\/logo\\\/image\\\/\"},\"sameAs\":[\"https:\\\/\\\/www.facebook.com\\\/SpacePools\",\"https:\\\/\\\/fr.pinterest.com\\\/spacepools\\\/_saved\\\/\",\"https:\\\/\\\/www.linkedin.com\\\/company\\\/spacepools\\\/\",\"https:\\\/\\\/www.instagram.com\\\/spacepools\\\/\"]}]}<\/script>\n<!-- \/ Yoast SEO plugin. -->","yoast_head_json":{"title":"Todos los modelos de piscina prefabricada de fondo inclinado","description":"Todos los modelos de piscinas prefabricadas de fondo inclinado. Descubre nuestra gama de piscinas monobloc con pendiente en Space Pools.","robots":{"index":"index","follow":"follow","max-snippet":"max-snippet:-1","max-image-preview":"max-image-preview:large","max-video-preview":"max-video-preview:-1"},"canonical":"https:\/\/www.spacepools.fr\/es\/piscine-fond-incline\/","og_locale":"es_ES","og_type":"article","og_title":"Todos los modelos de piscina prefabricada de fondo inclinado","og_description":"Todos los modelos de piscinas prefabricadas de fondo inclinado. Descubre nuestra gama de piscinas monobloc con pendiente en Space Pools.","og_url":"https:\/\/www.spacepools.fr\/es\/piscine-fond-incline\/","og_site_name":"Space Pools","article_publisher":"https:\/\/www.facebook.com\/SpacePools","article_modified_time":"2025-04-04T10:51:48+00:00","og_image":[{"width":2560,"height":429,"url":"https:\/\/www.spacepools.fr\/wp-content\/uploads\/2021\/03\/psicines-fond-incline-space-pools-scaled.jpg","type":"image\/jpeg"}],"twitter_card":"summary_large_image","twitter_misc":{"Tiempo de lectura":"1 minuto"},"schema":{"@context":"https:\/\/schema.org","@graph":[{"@type":"WebPage","@id":"https:\/\/www.spacepools.fr\/es\/piscine-fond-incline\/","url":"https:\/\/www.spacepools.fr\/es\/piscine-fond-incline\/","name":"Todos los modelos de piscina prefabricada de fondo inclinado","isPartOf":{"@id":"https:\/\/www.spacepools.fr\/es\/#website"},"primaryImageOfPage":{"@id":"https:\/\/www.spacepools.fr\/es\/piscine-fond-incline\/#primaryimage"},"image":{"@id":"https:\/\/www.spacepools.fr\/es\/piscine-fond-incline\/#primaryimage"},"thumbnailUrl":"https:\/\/www.spacepools.fr\/wp-content\/uploads\/2021\/03\/psicines-fond-incline-space-pools-scaled.jpg","datePublished":"2021-03-29T10:06:36+00:00","dateModified":"2025-04-04T10:51:48+00:00","description":"Todos los modelos de piscinas prefabricadas de fondo inclinado. Descubre nuestra gama de piscinas monobloc con pendiente en Space Pools.","breadcrumb":{"@id":"https:\/\/www.spacepools.fr\/es\/piscine-fond-incline\/#breadcrumb"},"inLanguage":"es","potentialAction":[{"@type":"ReadAction","target":["https:\/\/www.spacepools.fr\/es\/piscine-fond-incline\/"]}]},{"@type":"ImageObject","inLanguage":"es","@id":"https:\/\/www.spacepools.fr\/es\/piscine-fond-incline\/#primaryimage","url":"https:\/\/www.spacepools.fr\/wp-content\/uploads\/2021\/03\/psicines-fond-incline-space-pools-scaled.jpg","contentUrl":"https:\/\/www.spacepools.fr\/wp-content\/uploads\/2021\/03\/psicines-fond-incline-space-pools-scaled.jpg","width":2560,"height":429,"caption":"pisicnes fond inclin\u00e9 space pools"},{"@type":"BreadcrumbList","@id":"https:\/\/www.spacepools.fr\/es\/piscine-fond-incline\/#breadcrumb","itemListElement":[{"@type":"ListItem","position":1,"name":"Portada","item":"https:\/\/www.spacepools.fr\/es\/"},{"@type":"ListItem","position":2,"name":"Piscinas prefabricadas con fondo inclinado"}]},{"@type":"WebSite","@id":"https:\/\/www.spacepools.fr\/es\/#website","url":"https:\/\/www.spacepools.fr\/es\/","name":"Space Pools","description":"Le plus grand catalogue de piscines monoblocs et d\u2019options de personnalisation","publisher":{"@id":"https:\/\/www.spacepools.fr\/es\/#organization"},"alternateName":"Piscines pr\u00e9fabriqu\u00e9es","potentialAction":[{"@type":"SearchAction","target":{"@type":"EntryPoint","urlTemplate":"https:\/\/www.spacepools.fr\/es\/?s={search_term_string}"},"query-input":{"@type":"PropertyValueSpecification","valueRequired":true,"valueName":"search_term_string"}}],"inLanguage":"es"},{"@type":"Organization","@id":"https:\/\/www.spacepools.fr\/es\/#organization","name":"Space Pools","url":"https:\/\/www.spacepools.fr\/es\/","logo":{"@type":"ImageObject","inLanguage":"es","@id":"https:\/\/www.spacepools.fr\/es\/#\/schema\/logo\/image\/","url":"https:\/\/www.spacepools.fr\/wp-content\/uploads\/2025\/03\/logo-sapcepools.jpg","contentUrl":"https:\/\/www.spacepools.fr\/wp-content\/uploads\/2025\/03\/logo-sapcepools.jpg","width":1280,"height":720,"caption":"Space Pools"},"image":{"@id":"https:\/\/www.spacepools.fr\/es\/#\/schema\/logo\/image\/"},"sameAs":["https:\/\/www.facebook.com\/SpacePools","https:\/\/fr.pinterest.com\/spacepools\/_saved\/","https:\/\/www.linkedin.com\/company\/spacepools\/","https:\/\/www.instagram.com\/spacepools\/"]}]}},"_links":{"self":[{"href":"https:\/\/www.spacepools.fr\/es\/wp-json\/wp\/v2\/pages\/1882","targetHints":{"allow":["GET"]}}],"collection":[{"href":"https:\/\/www.spacepools.fr\/es\/wp-json\/wp\/v2\/pages"}],"about":[{"href":"https:\/\/www.spacepools.fr\/es\/wp-json\/wp\/v2\/types\/page"}],"author":[{"embeddable":true,"href":"https:\/\/www.spacepools.fr\/es\/wp-json\/wp\/v2\/users\/1"}],"replies":[{"embeddable":true,"href":"https:\/\/www.spacepools.fr\/es\/wp-json\/wp\/v2\/comments?post=1882"}],"version-history":[{"count":3,"href":"https:\/\/www.spacepools.fr\/es\/wp-json\/wp\/v2\/pages\/1882\/revisions"}],"predecessor-version":[{"id":4939,"href":"https:\/\/www.spacepools.fr\/es\/wp-json\/wp\/v2\/pages\/1882\/revisions\/4939"}],"wp:featuredmedia":[{"embeddable":true,"href":"https:\/\/www.spacepools.fr\/es\/wp-json\/wp\/v2\/media\/927"}],"wp:attachment":[{"href":"https:\/\/www.spacepools.fr\/es\/wp-json\/wp\/v2\/media?parent=1882"}],"curies":[{"name":"wp","href":"https:\/\/api.w.org\/{rel}","templated":true}]}}