{"id":1869,"date":"2021-03-29T10:07:59","date_gmt":"2021-03-29T10:07:59","guid":{"rendered":"https:\/\/www.spacepools.fr\/piscines-volet\/"},"modified":"2025-04-04T12:52:01","modified_gmt":"2025-04-04T10:52:01","slug":"piscines-volet","status":"publish","type":"page","link":"https:\/\/www.spacepools.fr\/es\/piscines-volet\/","title":{"rendered":"Piscinas prefabricadas con persiana"},"content":{"rendered":"\n<p>Esta gama de piscinas monobloc incorporan una persiana enrollable que te permitir\u00e1 proteger el interior de tu piscina durante los meses de invierno o cuando no la uses, aport\u00e1ndote un extra de seguridad. Se trata de una persiana integrada invisible mientras est\u00e1s disfrutando de ella, y que te dar\u00e1 una gran tranquilidad el resto del a\u00f1o, ya que impide la ca\u00edda accidental de cualquier persona. La persiana de la piscina tambi\u00e9n la protege de elementos exteriores manteni\u00e9ndola siempre limpia, y permite conservar m\u00e1s f\u00e1cilmente la temperatura del agua fuera de las horas de sol. Adem\u00e1s, \u00e9sta se integra al mismo nivel que la piscina, sin que se pierda amplitud y zona de ba\u00f1o. Disponemos de distintos acabados para que encuentres la persiana que m\u00e1s va contigo.<\/p>\n","protected":false},"excerpt":{"rendered":"<p>Esta gama de piscinas monobloc incorporan una persiana enrollable que te permitir\u00e1 proteger el interior de tu piscina durante los meses de invierno o cuando no la uses, aport\u00e1ndote un extra de seguridad. Se trata de una persiana integrada invisible mientras est\u00e1s disfrutando de ella, y que te dar\u00e1 una gran tranquilidad el resto del [&hellip;]<\/p>\n","protected":false},"author":1,"featured_media":934,"parent":0,"menu_order":0,"comment_status":"closed","ping_status":"closed","template":"page-categoria.php","meta":{"_acf_changed":false,"inline_featured_image":false,"footnotes":""},"class_list":["post-1869","page","type-page","status-publish","has-post-thumbnail","hentry"],"acf":[],"yoast_head":"<!-- This site is optimized with the Yoast SEO plugin v27.3 - https:\/\/yoast.com\/product\/yoast-seo-wordpress\/ -->\n<title>Todos los modelos de piscina prefabricada con persiana enrollable<\/title>\n<meta name=\"description\" content=\"Todos los modelos de piscina prefabricada con persiana enrollable en nuestra p\u00e1gina web. Descubre la gama de piscinas.\" \/>\n<meta name=\"robots\" content=\"index, follow, max-snippet:-1, max-image-preview:large, max-video-preview:-1\" \/>\n<link rel=\"canonical\" href=\"https:\/\/www.spacepools.fr\/es\/piscines-volet\/\" \/>\n<meta property=\"og:locale\" content=\"es_ES\" \/>\n<meta property=\"og:type\" content=\"article\" \/>\n<meta property=\"og:title\" content=\"Todos los modelos de piscina prefabricada con persiana enrollable\" \/>\n<meta property=\"og:description\" content=\"Todos los modelos de piscina prefabricada con persiana enrollable en nuestra p\u00e1gina web. Descubre la gama de piscinas.\" \/>\n<meta property=\"og:url\" content=\"https:\/\/www.spacepools.fr\/es\/piscines-volet\/\" \/>\n<meta property=\"og:site_name\" content=\"Space Pools\" \/>\n<meta property=\"article:publisher\" content=\"https:\/\/www.facebook.com\/SpacePools\" \/>\n<meta property=\"article:modified_time\" content=\"2025-04-04T10:52:01+00:00\" \/>\n<meta property=\"og:image\" content=\"https:\/\/www.spacepools.fr\/wp-content\/uploads\/2021\/03\/piscine-avec-volet-space-pools-1-scaled.jpg\" \/>\n\t<meta property=\"og:image:width\" content=\"2560\" \/>\n\t<meta property=\"og:image:height\" content=\"429\" \/>\n\t<meta property=\"og:image:type\" content=\"image\/jpeg\" \/>\n<meta name=\"twitter:card\" content=\"summary_large_image\" \/>\n<meta name=\"twitter:label1\" content=\"Tiempo de lectura\" \/>\n\t<meta name=\"twitter:data1\" content=\"1 minuto\" \/>\n<script type=\"application\/ld+json\" class=\"yoast-schema-graph\">{\"@context\":\"https:\\\/\\\/schema.org\",\"@graph\":[{\"@type\":\"WebPage\",\"@id\":\"https:\\\/\\\/www.spacepools.fr\\\/es\\\/piscines-volet\\\/\",\"url\":\"https:\\\/\\\/www.spacepools.fr\\\/es\\\/piscines-volet\\\/\",\"name\":\"Todos los modelos de piscina prefabricada con persiana enrollable\",\"isPartOf\":{\"@id\":\"https:\\\/\\\/www.spacepools.fr\\\/es\\\/#website\"},\"primaryImageOfPage\":{\"@id\":\"https:\\\/\\\/www.spacepools.fr\\\/es\\\/piscines-volet\\\/#primaryimage\"},\"image\":{\"@id\":\"https:\\\/\\\/www.spacepools.fr\\\/es\\\/piscines-volet\\\/#primaryimage\"},\"thumbnailUrl\":\"https:\\\/\\\/www.spacepools.fr\\\/wp-content\\\/uploads\\\/2021\\\/03\\\/piscine-avec-volet-space-pools-1-scaled.jpg\",\"datePublished\":\"2021-03-29T10:07:59+00:00\",\"dateModified\":\"2025-04-04T10:52:01+00:00\",\"description\":\"Todos los modelos de piscina prefabricada con persiana enrollable en nuestra p\u00e1gina web. Descubre la gama de piscinas.\",\"breadcrumb\":{\"@id\":\"https:\\\/\\\/www.spacepools.fr\\\/es\\\/piscines-volet\\\/#breadcrumb\"},\"inLanguage\":\"es\",\"potentialAction\":[{\"@type\":\"ReadAction\",\"target\":[\"https:\\\/\\\/www.spacepools.fr\\\/es\\\/piscines-volet\\\/\"]}]},{\"@type\":\"ImageObject\",\"inLanguage\":\"es\",\"@id\":\"https:\\\/\\\/www.spacepools.fr\\\/es\\\/piscines-volet\\\/#primaryimage\",\"url\":\"https:\\\/\\\/www.spacepools.fr\\\/wp-content\\\/uploads\\\/2021\\\/03\\\/piscine-avec-volet-space-pools-1-scaled.jpg\",\"contentUrl\":\"https:\\\/\\\/www.spacepools.fr\\\/wp-content\\\/uploads\\\/2021\\\/03\\\/piscine-avec-volet-space-pools-1-scaled.jpg\",\"width\":2560,\"height\":429,\"caption\":\"piscines avec volet roulante space pools\"},{\"@type\":\"BreadcrumbList\",\"@id\":\"https:\\\/\\\/www.spacepools.fr\\\/es\\\/piscines-volet\\\/#breadcrumb\",\"itemListElement\":[{\"@type\":\"ListItem\",\"position\":1,\"name\":\"Portada\",\"item\":\"https:\\\/\\\/www.spacepools.fr\\\/es\\\/\"},{\"@type\":\"ListItem\",\"position\":2,\"name\":\"Piscinas prefabricadas con persiana\"}]},{\"@type\":\"WebSite\",\"@id\":\"https:\\\/\\\/www.spacepools.fr\\\/es\\\/#website\",\"url\":\"https:\\\/\\\/www.spacepools.fr\\\/es\\\/\",\"name\":\"Space Pools\",\"description\":\"Le plus grand catalogue de piscines monoblocs et d\u2019options de personnalisation\",\"publisher\":{\"@id\":\"https:\\\/\\\/www.spacepools.fr\\\/es\\\/#organization\"},\"alternateName\":\"Piscines pr\u00e9fabriqu\u00e9es\",\"potentialAction\":[{\"@type\":\"SearchAction\",\"target\":{\"@type\":\"EntryPoint\",\"urlTemplate\":\"https:\\\/\\\/www.spacepools.fr\\\/es\\\/?s={search_term_string}\"},\"query-input\":{\"@type\":\"PropertyValueSpecification\",\"valueRequired\":true,\"valueName\":\"search_term_string\"}}],\"inLanguage\":\"es\"},{\"@type\":\"Organization\",\"@id\":\"https:\\\/\\\/www.spacepools.fr\\\/es\\\/#organization\",\"name\":\"Space Pools\",\"url\":\"https:\\\/\\\/www.spacepools.fr\\\/es\\\/\",\"logo\":{\"@type\":\"ImageObject\",\"inLanguage\":\"es\",\"@id\":\"https:\\\/\\\/www.spacepools.fr\\\/es\\\/#\\\/schema\\\/logo\\\/image\\\/\",\"url\":\"https:\\\/\\\/www.spacepools.fr\\\/wp-content\\\/uploads\\\/2025\\\/03\\\/logo-sapcepools.jpg\",\"contentUrl\":\"https:\\\/\\\/www.spacepools.fr\\\/wp-content\\\/uploads\\\/2025\\\/03\\\/logo-sapcepools.jpg\",\"width\":1280,\"height\":720,\"caption\":\"Space Pools\"},\"image\":{\"@id\":\"https:\\\/\\\/www.spacepools.fr\\\/es\\\/#\\\/schema\\\/logo\\\/image\\\/\"},\"sameAs\":[\"https:\\\/\\\/www.facebook.com\\\/SpacePools\",\"https:\\\/\\\/fr.pinterest.com\\\/spacepools\\\/_saved\\\/\",\"https:\\\/\\\/www.linkedin.com\\\/company\\\/spacepools\\\/\",\"https:\\\/\\\/www.instagram.com\\\/spacepools\\\/\"]}]}<\/script>\n<!-- \/ Yoast SEO plugin. -->","yoast_head_json":{"title":"Todos los modelos de piscina prefabricada con persiana enrollable","description":"Todos los modelos de piscina prefabricada con persiana enrollable en nuestra p\u00e1gina web. Descubre la gama de piscinas.","robots":{"index":"index","follow":"follow","max-snippet":"max-snippet:-1","max-image-preview":"max-image-preview:large","max-video-preview":"max-video-preview:-1"},"canonical":"https:\/\/www.spacepools.fr\/es\/piscines-volet\/","og_locale":"es_ES","og_type":"article","og_title":"Todos los modelos de piscina prefabricada con persiana enrollable","og_description":"Todos los modelos de piscina prefabricada con persiana enrollable en nuestra p\u00e1gina web. Descubre la gama de piscinas.","og_url":"https:\/\/www.spacepools.fr\/es\/piscines-volet\/","og_site_name":"Space Pools","article_publisher":"https:\/\/www.facebook.com\/SpacePools","article_modified_time":"2025-04-04T10:52:01+00:00","og_image":[{"width":2560,"height":429,"url":"https:\/\/www.spacepools.fr\/wp-content\/uploads\/2021\/03\/piscine-avec-volet-space-pools-1-scaled.jpg","type":"image\/jpeg"}],"twitter_card":"summary_large_image","twitter_misc":{"Tiempo de lectura":"1 minuto"},"schema":{"@context":"https:\/\/schema.org","@graph":[{"@type":"WebPage","@id":"https:\/\/www.spacepools.fr\/es\/piscines-volet\/","url":"https:\/\/www.spacepools.fr\/es\/piscines-volet\/","name":"Todos los modelos de piscina prefabricada con persiana enrollable","isPartOf":{"@id":"https:\/\/www.spacepools.fr\/es\/#website"},"primaryImageOfPage":{"@id":"https:\/\/www.spacepools.fr\/es\/piscines-volet\/#primaryimage"},"image":{"@id":"https:\/\/www.spacepools.fr\/es\/piscines-volet\/#primaryimage"},"thumbnailUrl":"https:\/\/www.spacepools.fr\/wp-content\/uploads\/2021\/03\/piscine-avec-volet-space-pools-1-scaled.jpg","datePublished":"2021-03-29T10:07:59+00:00","dateModified":"2025-04-04T10:52:01+00:00","description":"Todos los modelos de piscina prefabricada con persiana enrollable en nuestra p\u00e1gina web. Descubre la gama de piscinas.","breadcrumb":{"@id":"https:\/\/www.spacepools.fr\/es\/piscines-volet\/#breadcrumb"},"inLanguage":"es","potentialAction":[{"@type":"ReadAction","target":["https:\/\/www.spacepools.fr\/es\/piscines-volet\/"]}]},{"@type":"ImageObject","inLanguage":"es","@id":"https:\/\/www.spacepools.fr\/es\/piscines-volet\/#primaryimage","url":"https:\/\/www.spacepools.fr\/wp-content\/uploads\/2021\/03\/piscine-avec-volet-space-pools-1-scaled.jpg","contentUrl":"https:\/\/www.spacepools.fr\/wp-content\/uploads\/2021\/03\/piscine-avec-volet-space-pools-1-scaled.jpg","width":2560,"height":429,"caption":"piscines avec volet roulante space pools"},{"@type":"BreadcrumbList","@id":"https:\/\/www.spacepools.fr\/es\/piscines-volet\/#breadcrumb","itemListElement":[{"@type":"ListItem","position":1,"name":"Portada","item":"https:\/\/www.spacepools.fr\/es\/"},{"@type":"ListItem","position":2,"name":"Piscinas prefabricadas con persiana"}]},{"@type":"WebSite","@id":"https:\/\/www.spacepools.fr\/es\/#website","url":"https:\/\/www.spacepools.fr\/es\/","name":"Space Pools","description":"Le plus grand catalogue de piscines monoblocs et d\u2019options de personnalisation","publisher":{"@id":"https:\/\/www.spacepools.fr\/es\/#organization"},"alternateName":"Piscines pr\u00e9fabriqu\u00e9es","potentialAction":[{"@type":"SearchAction","target":{"@type":"EntryPoint","urlTemplate":"https:\/\/www.spacepools.fr\/es\/?s={search_term_string}"},"query-input":{"@type":"PropertyValueSpecification","valueRequired":true,"valueName":"search_term_string"}}],"inLanguage":"es"},{"@type":"Organization","@id":"https:\/\/www.spacepools.fr\/es\/#organization","name":"Space Pools","url":"https:\/\/www.spacepools.fr\/es\/","logo":{"@type":"ImageObject","inLanguage":"es","@id":"https:\/\/www.spacepools.fr\/es\/#\/schema\/logo\/image\/","url":"https:\/\/www.spacepools.fr\/wp-content\/uploads\/2025\/03\/logo-sapcepools.jpg","contentUrl":"https:\/\/www.spacepools.fr\/wp-content\/uploads\/2025\/03\/logo-sapcepools.jpg","width":1280,"height":720,"caption":"Space Pools"},"image":{"@id":"https:\/\/www.spacepools.fr\/es\/#\/schema\/logo\/image\/"},"sameAs":["https:\/\/www.facebook.com\/SpacePools","https:\/\/fr.pinterest.com\/spacepools\/_saved\/","https:\/\/www.linkedin.com\/company\/spacepools\/","https:\/\/www.instagram.com\/spacepools\/"]}]}},"_links":{"self":[{"href":"https:\/\/www.spacepools.fr\/es\/wp-json\/wp\/v2\/pages\/1869","targetHints":{"allow":["GET"]}}],"collection":[{"href":"https:\/\/www.spacepools.fr\/es\/wp-json\/wp\/v2\/pages"}],"about":[{"href":"https:\/\/www.spacepools.fr\/es\/wp-json\/wp\/v2\/types\/page"}],"author":[{"embeddable":true,"href":"https:\/\/www.spacepools.fr\/es\/wp-json\/wp\/v2\/users\/1"}],"replies":[{"embeddable":true,"href":"https:\/\/www.spacepools.fr\/es\/wp-json\/wp\/v2\/comments?post=1869"}],"version-history":[{"count":10,"href":"https:\/\/www.spacepools.fr\/es\/wp-json\/wp\/v2\/pages\/1869\/revisions"}],"predecessor-version":[{"id":4940,"href":"https:\/\/www.spacepools.fr\/es\/wp-json\/wp\/v2\/pages\/1869\/revisions\/4940"}],"wp:featuredmedia":[{"embeddable":true,"href":"https:\/\/www.spacepools.fr\/es\/wp-json\/wp\/v2\/media\/934"}],"wp:attachment":[{"href":"https:\/\/www.spacepools.fr\/es\/wp-json\/wp\/v2\/media?parent=1869"}],"curies":[{"name":"wp","href":"https:\/\/api.w.org\/{rel}","templated":true}]}}