{"id":146,"date":"2021-02-03T18:46:31","date_gmt":"2021-02-03T18:46:31","guid":{"rendered":"https:\/\/spacepools.fr\/?page_id=146"},"modified":"2025-04-04T13:11:59","modified_gmt":"2025-04-04T11:11:59","slug":"personaliza-tu-piscina","status":"publish","type":"page","link":"https:\/\/www.spacepools.fr\/es\/personaliza-tu-piscina\/","title":{"rendered":"Personaliza tu piscina"},"content":{"rendered":"\n<p>Queremos que hagas realidad tu idea, sin poner l\u00edmites a tu creatividad. Por eso, en Space Pools ofrecemos una gran variedad de modelos de piscina monobloc y hacemos crecer nuestro cat\u00e1logo a\u00f1o tras a\u00f1o para que encuentres la que m\u00e1s encaja contigo.<\/p>\n","protected":false},"excerpt":{"rendered":"<p>Queremos que hagas realidad tu idea, sin poner l\u00edmites a tu creatividad. Por eso, en Space Pools ofrecemos una gran variedad de modelos de piscina monobloc y hacemos crecer nuestro cat\u00e1logo a\u00f1o tras a\u00f1o para que encuentres la que m\u00e1s encaja contigo.<\/p>\n","protected":false},"author":1,"featured_media":0,"parent":0,"menu_order":28,"comment_status":"closed","ping_status":"closed","template":"page-personaliza.php","meta":{"_acf_changed":false,"inline_featured_image":false,"footnotes":""},"class_list":["post-146","page","type-page","status-publish","hentry"],"acf":[],"yoast_head":"<!-- This site is optimized with the Yoast SEO plugin v27.3 - https:\/\/yoast.com\/product\/yoast-seo-wordpress\/ -->\n<title>Personaliza tu piscina prefabricada | Space Pools<\/title>\n<meta name=\"description\" content=\"Escoge todas las caracter\u00edsticas de tu piscina prefabricada personalizada: modelo, medidas, colores, acabados... \u00bfcu\u00e1l es la tuya?\" \/>\n<meta name=\"robots\" content=\"index, follow, max-snippet:-1, max-image-preview:large, max-video-preview:-1\" \/>\n<link rel=\"canonical\" href=\"https:\/\/www.spacepools.fr\/es\/personaliza-tu-piscina\/\" \/>\n<meta property=\"og:locale\" content=\"es_ES\" \/>\n<meta property=\"og:type\" content=\"article\" \/>\n<meta property=\"og:title\" content=\"Personaliza tu piscina prefabricada | Space Pools\" \/>\n<meta property=\"og:description\" content=\"Escoge todas las caracter\u00edsticas de tu piscina prefabricada personalizada: modelo, medidas, colores, acabados... \u00bfcu\u00e1l es la tuya?\" \/>\n<meta property=\"og:url\" content=\"https:\/\/www.spacepools.fr\/es\/personaliza-tu-piscina\/\" \/>\n<meta property=\"og:site_name\" content=\"Space Pools\" \/>\n<meta property=\"article:publisher\" content=\"https:\/\/www.facebook.com\/SpacePools\" \/>\n<meta property=\"article:modified_time\" content=\"2025-04-04T11:11:59+00:00\" \/>\n<meta property=\"og:image\" content=\"https:\/\/www.spacepools.fr\/wp-content\/uploads\/2025\/03\/logo-sapcepools.jpg\" \/>\n\t<meta property=\"og:image:width\" content=\"1280\" \/>\n\t<meta property=\"og:image:height\" content=\"720\" \/>\n\t<meta property=\"og:image:type\" content=\"image\/jpeg\" \/>\n<meta name=\"twitter:card\" content=\"summary_large_image\" \/>\n<meta name=\"twitter:label1\" content=\"Tiempo de lectura\" \/>\n\t<meta name=\"twitter:data1\" content=\"1 minuto\" \/>\n<script type=\"application\/ld+json\" class=\"yoast-schema-graph\">{\"@context\":\"https:\\\/\\\/schema.org\",\"@graph\":[{\"@type\":\"WebPage\",\"@id\":\"https:\\\/\\\/www.spacepools.fr\\\/es\\\/personaliza-tu-piscina\\\/\",\"url\":\"https:\\\/\\\/www.spacepools.fr\\\/es\\\/personaliza-tu-piscina\\\/\",\"name\":\"Personaliza tu piscina prefabricada | Space Pools\",\"isPartOf\":{\"@id\":\"https:\\\/\\\/www.spacepools.fr\\\/es\\\/#website\"},\"datePublished\":\"2021-02-03T18:46:31+00:00\",\"dateModified\":\"2025-04-04T11:11:59+00:00\",\"description\":\"Escoge todas las caracter\u00edsticas de tu piscina prefabricada personalizada: modelo, medidas, colores, acabados... \u00bfcu\u00e1l es la tuya?\",\"breadcrumb\":{\"@id\":\"https:\\\/\\\/www.spacepools.fr\\\/es\\\/personaliza-tu-piscina\\\/#breadcrumb\"},\"inLanguage\":\"es\",\"potentialAction\":[{\"@type\":\"ReadAction\",\"target\":[\"https:\\\/\\\/www.spacepools.fr\\\/es\\\/personaliza-tu-piscina\\\/\"]}]},{\"@type\":\"BreadcrumbList\",\"@id\":\"https:\\\/\\\/www.spacepools.fr\\\/es\\\/personaliza-tu-piscina\\\/#breadcrumb\",\"itemListElement\":[{\"@type\":\"ListItem\",\"position\":1,\"name\":\"Portada\",\"item\":\"https:\\\/\\\/www.spacepools.fr\\\/es\\\/\"},{\"@type\":\"ListItem\",\"position\":2,\"name\":\"Personaliza tu piscina\"}]},{\"@type\":\"WebSite\",\"@id\":\"https:\\\/\\\/www.spacepools.fr\\\/es\\\/#website\",\"url\":\"https:\\\/\\\/www.spacepools.fr\\\/es\\\/\",\"name\":\"Space Pools\",\"description\":\"Le plus grand catalogue de piscines monoblocs et d\u2019options de personnalisation\",\"publisher\":{\"@id\":\"https:\\\/\\\/www.spacepools.fr\\\/es\\\/#organization\"},\"alternateName\":\"Piscines pr\u00e9fabriqu\u00e9es\",\"potentialAction\":[{\"@type\":\"SearchAction\",\"target\":{\"@type\":\"EntryPoint\",\"urlTemplate\":\"https:\\\/\\\/www.spacepools.fr\\\/es\\\/?s={search_term_string}\"},\"query-input\":{\"@type\":\"PropertyValueSpecification\",\"valueRequired\":true,\"valueName\":\"search_term_string\"}}],\"inLanguage\":\"es\"},{\"@type\":\"Organization\",\"@id\":\"https:\\\/\\\/www.spacepools.fr\\\/es\\\/#organization\",\"name\":\"Space Pools\",\"url\":\"https:\\\/\\\/www.spacepools.fr\\\/es\\\/\",\"logo\":{\"@type\":\"ImageObject\",\"inLanguage\":\"es\",\"@id\":\"https:\\\/\\\/www.spacepools.fr\\\/es\\\/#\\\/schema\\\/logo\\\/image\\\/\",\"url\":\"https:\\\/\\\/www.spacepools.fr\\\/wp-content\\\/uploads\\\/2025\\\/03\\\/logo-sapcepools.jpg\",\"contentUrl\":\"https:\\\/\\\/www.spacepools.fr\\\/wp-content\\\/uploads\\\/2025\\\/03\\\/logo-sapcepools.jpg\",\"width\":1280,\"height\":720,\"caption\":\"Space Pools\"},\"image\":{\"@id\":\"https:\\\/\\\/www.spacepools.fr\\\/es\\\/#\\\/schema\\\/logo\\\/image\\\/\"},\"sameAs\":[\"https:\\\/\\\/www.facebook.com\\\/SpacePools\",\"https:\\\/\\\/fr.pinterest.com\\\/spacepools\\\/_saved\\\/\",\"https:\\\/\\\/www.linkedin.com\\\/company\\\/spacepools\\\/\",\"https:\\\/\\\/www.instagram.com\\\/spacepools\\\/\"]}]}<\/script>\n<!-- \/ Yoast SEO plugin. -->","yoast_head_json":{"title":"Personaliza tu piscina prefabricada | Space Pools","description":"Escoge todas las caracter\u00edsticas de tu piscina prefabricada personalizada: modelo, medidas, colores, acabados... \u00bfcu\u00e1l es la tuya?","robots":{"index":"index","follow":"follow","max-snippet":"max-snippet:-1","max-image-preview":"max-image-preview:large","max-video-preview":"max-video-preview:-1"},"canonical":"https:\/\/www.spacepools.fr\/es\/personaliza-tu-piscina\/","og_locale":"es_ES","og_type":"article","og_title":"Personaliza tu piscina prefabricada | Space Pools","og_description":"Escoge todas las caracter\u00edsticas de tu piscina prefabricada personalizada: modelo, medidas, colores, acabados... \u00bfcu\u00e1l es la tuya?","og_url":"https:\/\/www.spacepools.fr\/es\/personaliza-tu-piscina\/","og_site_name":"Space Pools","article_publisher":"https:\/\/www.facebook.com\/SpacePools","article_modified_time":"2025-04-04T11:11:59+00:00","og_image":[{"width":1280,"height":720,"url":"https:\/\/www.spacepools.fr\/wp-content\/uploads\/2025\/03\/logo-sapcepools.jpg","type":"image\/jpeg"}],"twitter_card":"summary_large_image","twitter_misc":{"Tiempo de lectura":"1 minuto"},"schema":{"@context":"https:\/\/schema.org","@graph":[{"@type":"WebPage","@id":"https:\/\/www.spacepools.fr\/es\/personaliza-tu-piscina\/","url":"https:\/\/www.spacepools.fr\/es\/personaliza-tu-piscina\/","name":"Personaliza tu piscina prefabricada | Space Pools","isPartOf":{"@id":"https:\/\/www.spacepools.fr\/es\/#website"},"datePublished":"2021-02-03T18:46:31+00:00","dateModified":"2025-04-04T11:11:59+00:00","description":"Escoge todas las caracter\u00edsticas de tu piscina prefabricada personalizada: modelo, medidas, colores, acabados... \u00bfcu\u00e1l es la tuya?","breadcrumb":{"@id":"https:\/\/www.spacepools.fr\/es\/personaliza-tu-piscina\/#breadcrumb"},"inLanguage":"es","potentialAction":[{"@type":"ReadAction","target":["https:\/\/www.spacepools.fr\/es\/personaliza-tu-piscina\/"]}]},{"@type":"BreadcrumbList","@id":"https:\/\/www.spacepools.fr\/es\/personaliza-tu-piscina\/#breadcrumb","itemListElement":[{"@type":"ListItem","position":1,"name":"Portada","item":"https:\/\/www.spacepools.fr\/es\/"},{"@type":"ListItem","position":2,"name":"Personaliza tu piscina"}]},{"@type":"WebSite","@id":"https:\/\/www.spacepools.fr\/es\/#website","url":"https:\/\/www.spacepools.fr\/es\/","name":"Space Pools","description":"Le plus grand catalogue de piscines monoblocs et d\u2019options de personnalisation","publisher":{"@id":"https:\/\/www.spacepools.fr\/es\/#organization"},"alternateName":"Piscines pr\u00e9fabriqu\u00e9es","potentialAction":[{"@type":"SearchAction","target":{"@type":"EntryPoint","urlTemplate":"https:\/\/www.spacepools.fr\/es\/?s={search_term_string}"},"query-input":{"@type":"PropertyValueSpecification","valueRequired":true,"valueName":"search_term_string"}}],"inLanguage":"es"},{"@type":"Organization","@id":"https:\/\/www.spacepools.fr\/es\/#organization","name":"Space Pools","url":"https:\/\/www.spacepools.fr\/es\/","logo":{"@type":"ImageObject","inLanguage":"es","@id":"https:\/\/www.spacepools.fr\/es\/#\/schema\/logo\/image\/","url":"https:\/\/www.spacepools.fr\/wp-content\/uploads\/2025\/03\/logo-sapcepools.jpg","contentUrl":"https:\/\/www.spacepools.fr\/wp-content\/uploads\/2025\/03\/logo-sapcepools.jpg","width":1280,"height":720,"caption":"Space Pools"},"image":{"@id":"https:\/\/www.spacepools.fr\/es\/#\/schema\/logo\/image\/"},"sameAs":["https:\/\/www.facebook.com\/SpacePools","https:\/\/fr.pinterest.com\/spacepools\/_saved\/","https:\/\/www.linkedin.com\/company\/spacepools\/","https:\/\/www.instagram.com\/spacepools\/"]}]}},"_links":{"self":[{"href":"https:\/\/www.spacepools.fr\/es\/wp-json\/wp\/v2\/pages\/146","targetHints":{"allow":["GET"]}}],"collection":[{"href":"https:\/\/www.spacepools.fr\/es\/wp-json\/wp\/v2\/pages"}],"about":[{"href":"https:\/\/www.spacepools.fr\/es\/wp-json\/wp\/v2\/types\/page"}],"author":[{"embeddable":true,"href":"https:\/\/www.spacepools.fr\/es\/wp-json\/wp\/v2\/users\/1"}],"replies":[{"embeddable":true,"href":"https:\/\/www.spacepools.fr\/es\/wp-json\/wp\/v2\/comments?post=146"}],"version-history":[{"count":14,"href":"https:\/\/www.spacepools.fr\/es\/wp-json\/wp\/v2\/pages\/146\/revisions"}],"predecessor-version":[{"id":4138,"href":"https:\/\/www.spacepools.fr\/es\/wp-json\/wp\/v2\/pages\/146\/revisions\/4138"}],"wp:attachment":[{"href":"https:\/\/www.spacepools.fr\/es\/wp-json\/wp\/v2\/media?parent=146"}],"curies":[{"name":"wp","href":"https:\/\/api.w.org\/{rel}","templated":true}]}}